{"id":1464,"date":"2024-03-19T17:47:25","date_gmt":"2024-03-19T17:47:25","guid":{"rendered":"https:\/\/bringportugal.com\/?page_id=1464"},"modified":"2024-03-19T18:11:48","modified_gmt":"2024-03-19T18:11:48","slug":"aluguer-de-viaturas-2","status":"publish","type":"page","link":"https:\/\/bringportugal.com\/?page_id=1464","title":{"rendered":"MICE &#038; INCOMING"},"content":{"rendered":"\t\t<div data-elementor-type=\"wp-page\" data-elementor-id=\"1464\" class=\"elementor elementor-1464\" data-elementor-post-type=\"page\">\n\t\t\t\t<div class=\"elementor-element elementor-element-5836a41 e-flex e-con-boxed e-con e-parent\" data-id=\"5836a41\" data-element_type=\"container\" data-e-type=\"container\">\n\t\t\t\t\t<div class=\"e-con-inner\">\n\t\t<div class=\"elementor-element elementor-element-2f51379 e-flex e-con-boxed e-con e-child\" data-id=\"2f51379\" data-element_type=\"container\" data-e-type=\"container\">\n\t\t\t\t\t<div class=\"e-con-inner\">\n\t\t<div class=\"elementor-element elementor-element-3dbd1b8 e-grid e-con-boxed e-con e-child\" data-id=\"3dbd1b8\" data-element_type=\"container\" data-e-type=\"container\">\n\t\t\t\t\t<div class=\"e-con-inner\">\n\t\t\t\t<div class=\"elementor-element elementor-element-bed951b elementor-widget elementor-widget-image\" data-id=\"bed951b\" data-element_type=\"widget\" data-e-type=\"widget\" data-widget_type=\"image.default\">\n\t\t\t\t<div class=\"elementor-widget-container\">\n\t\t\t\t\t\t\t\t\t\t\t\t\t\t\t<img fetchpriority=\"high\" decoding=\"async\" width=\"640\" height=\"427\" src=\"https:\/\/bringportugal.com\/wp-content\/uploads\/2024\/03\/alive-travel_predio-1_app.jpg\" class=\"attachment-full size-full wp-image-1467\" alt=\"\" srcset=\"https:\/\/bringportugal.com\/wp-content\/uploads\/2024\/03\/alive-travel_predio-1_app.jpg 640w, https:\/\/bringportugal.com\/wp-content\/uploads\/2024\/03\/alive-travel_predio-1_app-300x200.jpg 300w, https:\/\/bringportugal.com\/wp-content\/uploads\/2024\/03\/alive-travel_predio-1_app-600x400.jpg 600w\" sizes=\"(max-width: 640px) 100vw, 640px\" \/>\t\t\t\t\t\t\t\t\t\t\t\t\t\t\t<\/div>\n\t\t\t\t<\/div>\n\t\t\t\t<div class=\"elementor-element elementor-element-964fd71 elementor-widget elementor-widget-text-editor\" data-id=\"964fd71\" data-element_type=\"widget\" data-e-type=\"widget\" data-widget_type=\"text-editor.default\">\n\t\t\t\t<div class=\"elementor-widget-container\">\n\t\t\t\t\t\t\t\t\t<div class=\"flex flex-grow flex-col max-w-full\"><div class=\"min-h-[20px] text-message flex flex-col items-start gap-3 whitespace-pre-wrap break-words [.text-message+&amp;]:mt-5 overflow-x-auto\" data-message-author-role=\"assistant\" data-message-id=\"75132098-9f6c-477a-9fe6-4e16ea3550a2\"><div class=\"markdown prose w-full break-words dark:prose-invert dark\"><p><strong>Bem-vindo \u00e0 Bring Portugal &#8211; Sua Experi\u00eancia Inesquec\u00edvel Come\u00e7a Aqui!<\/strong><\/p><p>Na Bring, estamos aqui para transformar sua viagem ou evento corporativo em uma experi\u00eancia verdadeiramente memor\u00e1vel. Como uma ag\u00eancia de INCOMING e MICE (Meeting, Incentives, Conferences, and Exhibitions), oferecemos servi\u00e7os abrangentes para garantir que cada detalhe seja cuidadosamente planejado e executado, proporcionando resultados excepcionais.<\/p><p><strong>Por que escolher a Bring para suas necessidades de Incoming e MICE?<\/strong><\/p><\/div><\/div><\/div>\t\t\t\t\t\t\t\t<\/div>\n\t\t\t\t<\/div>\n\t\t\t\t\t<\/div>\n\t\t\t\t<\/div>\n\t\t<div class=\"elementor-element elementor-element-6fae317 e-grid e-con-boxed e-con e-child\" data-id=\"6fae317\" data-element_type=\"container\" data-e-type=\"container\">\n\t\t\t\t\t<div class=\"e-con-inner\">\n\t\t\t\t<div class=\"elementor-element elementor-element-368fb56 elementor-align-start elementor-icon-list--layout-traditional elementor-list-item-link-full_width elementor-widget elementor-widget-icon-list\" data-id=\"368fb56\" data-element_type=\"widget\" data-e-type=\"widget\" data-widget_type=\"icon-list.default\">\n\t\t\t\t<div class=\"elementor-widget-container\">\n\t\t\t\t\t\t\t<ul class=\"elementor-icon-list-items\">\n\t\t\t\t\t\t\t<li class=\"elementor-icon-list-item\">\n\t\t\t\t\t\t\t\t\t\t\t<span class=\"elementor-icon-list-icon\">\n\t\t\t\t\t\t\t<svg aria-hidden=\"true\" class=\"e-font-icon-svg e-fas-long-arrow-alt-right\" viewBox=\"0 0 448 512\" xmlns=\"http:\/\/www.w3.org\/2000\/svg\"><path d=\"M313.941 216H12c-6.627 0-12 5.373-12 12v56c0 6.627 5.373 12 12 12h301.941v46.059c0 21.382 25.851 32.09 40.971 16.971l86.059-86.059c9.373-9.373 9.373-24.569 0-33.941l-86.059-86.059c-15.119-15.119-40.971-4.411-40.971 16.971V216z\"><\/path><\/svg>\t\t\t\t\t\t<\/span>\n\t\t\t\t\t\t\t\t\t\t<span class=\"elementor-icon-list-text\"><b>Experi\u00eancia e Expertise:<\/b> Com anos de experi\u00eancia na ind\u00fastria do turismo e eventos corporativos, nossa equipe conhece os destinos mais incr\u00edveis e os melhores locais para reuni\u00f5es e eventos em todo o mundo.<\/span>\n\t\t\t\t\t\t\t\t\t<\/li>\n\t\t\t\t\t\t\t\t<li class=\"elementor-icon-list-item\">\n\t\t\t\t\t\t\t\t\t\t\t<span class=\"elementor-icon-list-icon\">\n\t\t\t\t\t\t\t<svg aria-hidden=\"true\" class=\"e-font-icon-svg e-fas-long-arrow-alt-right\" viewBox=\"0 0 448 512\" xmlns=\"http:\/\/www.w3.org\/2000\/svg\"><path d=\"M313.941 216H12c-6.627 0-12 5.373-12 12v56c0 6.627 5.373 12 12 12h301.941v46.059c0 21.382 25.851 32.09 40.971 16.971l86.059-86.059c9.373-9.373 9.373-24.569 0-33.941l-86.059-86.059c-15.119-15.119-40.971-4.411-40.971 16.971V216z\"><\/path><\/svg>\t\t\t\t\t\t<\/span>\n\t\t\t\t\t\t\t\t\t\t<span class=\"elementor-icon-list-text\"><b>Personaliza\u00e7\u00e3o:<\/b> Reconhecemos que cada cliente \u00e9 \u00fanico, e \u00e9 por isso que nos esfor\u00e7amos para criar programas e eventos personalizados que atendam \u00e0s suas necessidades espec\u00edficas e excedam suas expectativas.<\/span>\n\t\t\t\t\t\t\t\t\t<\/li>\n\t\t\t\t\t\t\t\t<li class=\"elementor-icon-list-item\">\n\t\t\t\t\t\t\t\t\t\t\t<span class=\"elementor-icon-list-icon\">\n\t\t\t\t\t\t\t<svg aria-hidden=\"true\" class=\"e-font-icon-svg e-fas-long-arrow-alt-right\" viewBox=\"0 0 448 512\" xmlns=\"http:\/\/www.w3.org\/2000\/svg\"><path d=\"M313.941 216H12c-6.627 0-12 5.373-12 12v56c0 6.627 5.373 12 12 12h301.941v46.059c0 21.382 25.851 32.09 40.971 16.971l86.059-86.059c9.373-9.373 9.373-24.569 0-33.941l-86.059-86.059c-15.119-15.119-40.971-4.411-40.971 16.971V216z\"><\/path><\/svg>\t\t\t\t\t\t<\/span>\n\t\t\t\t\t\t\t\t\t\t<span class=\"elementor-icon-list-text\"><b>Parcerias Estrat\u00e9gicas: <\/b> Trabalhamos em estreita colabora\u00e7\u00e3o com uma rede de fornecedores confi\u00e1veis e parceiros locais em destinos globais, garantindo acesso privilegiado a servi\u00e7os de alta qualidade e pre\u00e7os competitivos.<\/span>\n\t\t\t\t\t\t\t\t\t<\/li>\n\t\t\t\t\t\t\t\t<li class=\"elementor-icon-list-item\">\n\t\t\t\t\t\t\t\t\t\t\t<span class=\"elementor-icon-list-icon\">\n\t\t\t\t\t\t\t<svg aria-hidden=\"true\" class=\"e-font-icon-svg e-fas-long-arrow-alt-right\" viewBox=\"0 0 448 512\" xmlns=\"http:\/\/www.w3.org\/2000\/svg\"><path d=\"M313.941 216H12c-6.627 0-12 5.373-12 12v56c0 6.627 5.373 12 12 12h301.941v46.059c0 21.382 25.851 32.09 40.971 16.971l86.059-86.059c9.373-9.373 9.373-24.569 0-33.941l-86.059-86.059c-15.119-15.119-40.971-4.411-40.971 16.971V216z\"><\/path><\/svg>\t\t\t\t\t\t<\/span>\n\t\t\t\t\t\t\t\t\t\t<span class=\"elementor-icon-list-text\"><b>Atendimento Impec\u00e1vel: <\/b> Nosso compromisso com o servi\u00e7o ao cliente vai al\u00e9m do esperado. Estamos dispon\u00edveis 24 horas por dia, 7 dias por semana, para garantir que sua experi\u00eancia conosco seja suave e sem complica\u00e7\u00f5es.<\/span>\n\t\t\t\t\t\t\t\t\t<\/li>\n\t\t\t\t\t\t\t\t<li class=\"elementor-icon-list-item\">\n\t\t\t\t\t\t\t\t\t\t\t<span class=\"elementor-icon-list-icon\">\n\t\t\t\t\t\t\t<svg aria-hidden=\"true\" class=\"e-font-icon-svg e-fas-long-arrow-alt-right\" viewBox=\"0 0 448 512\" xmlns=\"http:\/\/www.w3.org\/2000\/svg\"><path d=\"M313.941 216H12c-6.627 0-12 5.373-12 12v56c0 6.627 5.373 12 12 12h301.941v46.059c0 21.382 25.851 32.09 40.971 16.971l86.059-86.059c9.373-9.373 9.373-24.569 0-33.941l-86.059-86.059c-15.119-15.119-40.971-4.411-40.971 16.971V216z\"><\/path><\/svg>\t\t\t\t\t\t<\/span>\n\t\t\t\t\t\t\t\t\t\t<span class=\"elementor-icon-list-text\"><b>Inova\u00e7\u00e3o e Criatividade:<\/b> Buscamos constantemente novas tend\u00eancias e ideias inovadoras para oferecer solu\u00e7\u00f5es criativas e experi\u00eancias \u00fanicas que deixar\u00e3o uma impress\u00e3o duradoura em seus participantes.<\/span>\n\t\t\t\t\t\t\t\t\t<\/li>\n\t\t\t\t\t\t<\/ul>\n\t\t\t\t\t\t<\/div>\n\t\t\t\t<\/div>\n\t\t\t\t<div class=\"elementor-element elementor-element-b500b23 elementor-widget elementor-widget-image\" data-id=\"b500b23\" data-element_type=\"widget\" data-e-type=\"widget\" data-widget_type=\"image.default\">\n\t\t\t\t<div class=\"elementor-widget-container\">\n\t\t\t\t\t\t\t\t\t\t\t\t\t\t\t<img decoding=\"async\" width=\"843\" height=\"524\" src=\"https:\/\/bringportugal.com\/wp-content\/uploads\/2024\/03\/alive-travel_homem-com-phones-1024x637.jpg\" class=\"attachment-large size-large wp-image-1465\" alt=\"\" srcset=\"https:\/\/bringportugal.com\/wp-content\/uploads\/2024\/03\/alive-travel_homem-com-phones-1024x637.jpg 1024w, https:\/\/bringportugal.com\/wp-content\/uploads\/2024\/03\/alive-travel_homem-com-phones-300x187.jpg 300w, https:\/\/bringportugal.com\/wp-content\/uploads\/2024\/03\/alive-travel_homem-com-phones-768x477.jpg 768w, https:\/\/bringportugal.com\/wp-content\/uploads\/2024\/03\/alive-travel_homem-com-phones-1536x955.jpg 1536w, https:\/\/bringportugal.com\/wp-content\/uploads\/2024\/03\/alive-travel_homem-com-phones-2048x1273.jpg 2048w, https:\/\/bringportugal.com\/wp-content\/uploads\/2024\/03\/alive-travel_homem-com-phones-600x373.jpg 600w\" sizes=\"(max-width: 843px) 100vw, 843px\" \/>\t\t\t\t\t\t\t\t\t\t\t\t\t\t\t<\/div>\n\t\t\t\t<\/div>\n\t\t\t\t\t<\/div>\n\t\t\t\t<\/div>\n\t\t\t\t<div class=\"elementor-element elementor-element-b1fd70c elementor-widget elementor-widget-text-editor\" data-id=\"b1fd70c\" data-element_type=\"widget\" data-e-type=\"widget\" data-widget_type=\"text-editor.default\">\n\t\t\t\t<div class=\"elementor-widget-container\">\n\t\t\t\t\t\t\t\t\t<p>Da organiza\u00e7\u00e3o de confer\u00eancias e conven\u00e7\u00f5es \u00e0 cria\u00e7\u00e3o de viagens de incentivo memor\u00e1veis, estamos aqui para transformar sua vis\u00e3o em realidade. Deixe-nos cuidar de todos os detalhes para que voc\u00ea possa relaxar e aproveitar ao m\u00e1ximo sua experi\u00eancia.<\/p><p>Entre em contato conosco hoje mesmo e descubra como podemos tornar sua pr\u00f3xima viagem ou evento corporativo extraordin\u00e1rio!<\/p>\t\t\t\t\t\t\t\t<\/div>\n\t\t\t\t<\/div>\n\t\t\t\t<div class=\"elementor-element elementor-element-0085c29 elementor-align-center elementor-widget elementor-widget-button\" data-id=\"0085c29\" data-element_type=\"widget\" data-e-type=\"widget\" data-widget_type=\"button.default\">\n\t\t\t\t<div class=\"elementor-widget-container\">\n\t\t\t\t\t\t\t\t\t<div class=\"elementor-button-wrapper\">\n\t\t\t\t\t<a class=\"elementor-button elementor-button-link elementor-size-sm\" href=\"\/?page_id=1478\">\n\t\t\t\t\t\t<span class=\"elementor-button-content-wrapper\">\n\t\t\t\t\t\t\t\t\t<span class=\"elementor-button-text\">Contacte-nos<\/span>\n\t\t\t\t\t<\/span>\n\t\t\t\t\t<\/a>\n\t\t\t\t<\/div>\n\t\t\t\t\t\t\t\t<\/div>\n\t\t\t\t<\/div>\n\t\t\t\t\t<\/div>\n\t\t\t\t<\/div>\n\t\t\t\t\t<\/div>\n\t\t\t\t<\/div>\n\t\t\t\t<\/div>\n\t\t","protected":false},"excerpt":{"rendered":"<p>Bem-vindo \u00e0 Bring Portugal &#8211; Sua Experi\u00eancia Inesquec\u00edvel Come\u00e7a Aqui! Na Bring, estamos aqui para transformar sua viagem ou evento corporativo em uma experi\u00eancia verdadeiramente&hellip;<\/p>\n","protected":false},"author":1,"featured_media":0,"parent":0,"menu_order":0,"comment_status":"closed","ping_status":"closed","template":"","meta":{"_monsterinsights_skip_tracking":false,"_monsterinsights_sitenote_active":false,"_monsterinsights_sitenote_note":"","_monsterinsights_sitenote_category":0,"footnotes":""},"class_list":["post-1464","page","type-page","status-publish","hentry"],"jetpack_sharing_enabled":true,"_links":{"self":[{"href":"https:\/\/bringportugal.com\/index.php?rest_route=\/wp\/v2\/pages\/1464","targetHints":{"allow":["GET"]}}],"collection":[{"href":"https:\/\/bringportugal.com\/index.php?rest_route=\/wp\/v2\/pages"}],"about":[{"href":"https:\/\/bringportugal.com\/index.php?rest_route=\/wp\/v2\/types\/page"}],"author":[{"embeddable":true,"href":"https:\/\/bringportugal.com\/index.php?rest_route=\/wp\/v2\/users\/1"}],"replies":[{"embeddable":true,"href":"https:\/\/bringportugal.com\/index.php?rest_route=%2Fwp%2Fv2%2Fcomments&post=1464"}],"version-history":[{"count":7,"href":"https:\/\/bringportugal.com\/index.php?rest_route=\/wp\/v2\/pages\/1464\/revisions"}],"predecessor-version":[{"id":1493,"href":"https:\/\/bringportugal.com\/index.php?rest_route=\/wp\/v2\/pages\/1464\/revisions\/1493"}],"wp:attachment":[{"href":"https:\/\/bringportugal.com\/index.php?rest_route=%2Fwp%2Fv2%2Fmedia&parent=1464"}],"curies":[{"name":"wp","href":"https:\/\/api.w.org\/{rel}","templated":true}]}}