{"id":1394,"date":"2018-05-03T07:52:20","date_gmt":"2018-05-03T07:52:20","guid":{"rendered":"http:\/\/wordpress-276259-4332664.cloudwaysapps.com\/customify-2018\/?page_id=1394"},"modified":"2024-03-19T18:09:42","modified_gmt":"2024-03-19T18:09:42","slug":"home","status":"publish","type":"page","link":"https:\/\/bringportugal.com\/","title":{"rendered":"Home"},"content":{"rendered":"\t\t<div data-elementor-type=\"wp-post\" data-elementor-id=\"1394\" class=\"elementor elementor-1394\" data-elementor-post-type=\"page\">\n\t\t\t\t\t\t<section class=\"elementor-section elementor-top-section elementor-element elementor-element-48a8a999 elementor-section-boxed elementor-section-height-default elementor-section-height-default\" data-id=\"48a8a999\" data-element_type=\"section\" data-e-type=\"section\" data-settings=\"{&quot;background_background&quot;:&quot;slideshow&quot;,&quot;background_slideshow_gallery&quot;:[{&quot;id&quot;:8,&quot;url&quot;:&quot;https:\\\/\\\/bringportugal-com.preview-domain.com\\\/wp-content\\\/uploads\\\/2024\\\/03\\\/2.jpg&quot;},{&quot;id&quot;:9,&quot;url&quot;:&quot;https:\\\/\\\/bringportugal-com.preview-domain.com\\\/wp-content\\\/uploads\\\/2024\\\/03\\\/3.jpg&quot;},{&quot;id&quot;:7,&quot;url&quot;:&quot;https:\\\/\\\/bringportugal-com.preview-domain.com\\\/wp-content\\\/uploads\\\/2024\\\/03\\\/1.jpg&quot;}],&quot;background_slideshow_loop&quot;:&quot;yes&quot;,&quot;background_slideshow_slide_duration&quot;:5000,&quot;background_slideshow_slide_transition&quot;:&quot;fade&quot;,&quot;background_slideshow_transition_duration&quot;:500}\">\n\t\t\t\t\t\t\t<div class=\"elementor-background-overlay\"><\/div>\n\t\t\t\t\t\t\t<div class=\"elementor-container elementor-column-gap-default\">\n\t\t\t\t\t<div class=\"elementor-column elementor-col-100 elementor-top-column elementor-element elementor-element-55854edd\" data-id=\"55854edd\" data-element_type=\"column\" data-e-type=\"column\">\n\t\t\t<div class=\"elementor-widget-wrap elementor-element-populated\">\n\t\t\t\t\t\t<div class=\"elementor-element elementor-element-7260f667 elementor-widget elementor-widget-heading\" data-id=\"7260f667\" data-element_type=\"widget\" data-e-type=\"widget\" data-widget_type=\"heading.default\">\n\t\t\t\t<div class=\"elementor-widget-container\">\n\t\t\t\t\t<h2 class=\"elementor-heading-title elementor-size-default\">A Bring \u00e9 diferente.<br> E orgulhosamente melhor!<\/h2>\t\t\t\t<\/div>\n\t\t\t\t<\/div>\n\t\t\t\t\t<\/div>\n\t\t<\/div>\n\t\t\t\t\t<\/div>\n\t\t<\/section>\n\t\t\t\t<section class=\"elementor-section elementor-top-section elementor-element elementor-element-37fe3095 elementor-section-boxed elementor-section-height-default elementor-section-height-default\" data-id=\"37fe3095\" data-element_type=\"section\" data-e-type=\"section\" data-settings=\"{&quot;background_background&quot;:&quot;classic&quot;}\">\n\t\t\t\t\t\t<div class=\"elementor-container elementor-column-gap-default\">\n\t\t\t\t\t<div class=\"elementor-column elementor-col-100 elementor-top-column elementor-element elementor-element-6c5b8243\" data-id=\"6c5b8243\" data-element_type=\"column\" data-e-type=\"column\">\n\t\t\t<div class=\"elementor-widget-wrap elementor-element-populated\">\n\t\t\t\t\t\t<div class=\"elementor-element elementor-element-9cf47d2 elementor-widget elementor-widget-heading\" data-id=\"9cf47d2\" data-element_type=\"widget\" data-e-type=\"widget\" data-widget_type=\"heading.default\">\n\t\t\t\t<div class=\"elementor-widget-container\">\n\t\t\t\t\t<h2 class=\"elementor-heading-title elementor-size-default\">Quem Somos?<\/h2>\t\t\t\t<\/div>\n\t\t\t\t<\/div>\n\t\t\t\t<div class=\"elementor-element elementor-element-f72d6d7 elementor-widget elementor-widget-text-editor\" data-id=\"f72d6d7\" data-element_type=\"widget\" data-e-type=\"widget\" data-widget_type=\"text-editor.default\">\n\t\t\t\t<div class=\"elementor-widget-container\">\n\t\t\t\t\t\t\t\t\tA Bring \u00e9 diferente. E orgulhosamente melhor.<br style=\"box-sizing: border-box;\" \/><br style=\"box-sizing: border-box;\" \/>Contamos com uma equipa com vasta experi\u00eancia em sectores como o turismo, os eventos corporativos e desportivos e a log\u00edstica de transportes. Mas fazemos diferente. Criamos e oferecemos valor. Favorecemos rela\u00e7\u00f5es que nos possibilitem inovar, descobrir e trabalhar novas solu\u00e7\u00f5es. Cada parceria que estabelecemos \u00e9 um convite \u00e0 inspira\u00e7\u00e3o, a vencer desafios e a explorar oportunidades de crescimento.<br style=\"box-sizing: border-box;\" \/><br style=\"box-sizing: border-box;\" \/>A Bring \u00e9 melhor. E orgulhosamente diferente.<br style=\"box-sizing: border-box;\" \/><br style=\"box-sizing: border-box;\" \/>Apesar de rapidamente nos termos tornado l\u00edderes de mercado, valorizamos inequivocamente a qualidade, o rigor, a exclusividade e o profissionalismo. O profundo conhecimento das vari\u00e1veis existentes neste sector permite-nos &#8211; atrav\u00e9s de uma ponderada an\u00e1lise e de um planeamento cuidado \u2013 uma f\u00e1cil e eficiente adapta\u00e7\u00e3o \u00e0s necessidades dos nossos clientes. Maximizamos recursos, sempre com a garantia de resposta c\u00e9lere, objectiva e eficaz, concorrendo para que o evento seja um sucesso. Na Bring, a exig\u00eancia n\u00e3o \u00e9 um problema. \u00c9 uma condi\u00e7\u00e3o.<br style=\"box-sizing: border-box;\" \/><br style=\"box-sizing: border-box;\" \/>A Bring \u00e9 melhor. \u00c9 diferente.\t\t\t\t\t\t\t\t<\/div>\n\t\t\t\t<\/div>\n\t\t\t\t<div class=\"elementor-element elementor-element-da3ff64 elementor-widget elementor-widget-spacer\" data-id=\"da3ff64\" data-element_type=\"widget\" data-e-type=\"widget\" data-widget_type=\"spacer.default\">\n\t\t\t\t<div class=\"elementor-widget-container\">\n\t\t\t\t\t\t\t<div class=\"elementor-spacer\">\n\t\t\t<div class=\"elementor-spacer-inner\"><\/div>\n\t\t<\/div>\n\t\t\t\t\t\t<\/div>\n\t\t\t\t<\/div>\n\t\t\t\t<div class=\"elementor-element elementor-element-02a3a65 elementor-widget elementor-widget-heading\" data-id=\"02a3a65\" data-element_type=\"widget\" data-e-type=\"widget\" data-widget_type=\"heading.default\">\n\t\t\t\t<div class=\"elementor-widget-container\">\n\t\t\t\t\t<h2 class=\"elementor-heading-title elementor-size-default\">Servi\u00e7os<\/h2>\t\t\t\t<\/div>\n\t\t\t\t<\/div>\n\t\t\t\t<section class=\"elementor-section elementor-inner-section elementor-element elementor-element-426a38b1 elementor-section-boxed elementor-section-height-default elementor-section-height-default\" data-id=\"426a38b1\" data-element_type=\"section\" data-e-type=\"section\">\n\t\t\t\t\t\t<div class=\"elementor-container elementor-column-gap-no\">\n\t\t\t\t\t<div class=\"elementor-column elementor-col-50 elementor-inner-column elementor-element elementor-element-4263b48d\" data-id=\"4263b48d\" data-element_type=\"column\" data-e-type=\"column\" data-settings=\"{&quot;background_background&quot;:&quot;classic&quot;}\">\n\t\t\t<div class=\"elementor-widget-wrap elementor-element-populated\">\n\t\t\t\t\t\t<div class=\"elementor-element elementor-element-24a00249 elementor-position-top elementor-widget elementor-widget-image-box\" data-id=\"24a00249\" data-element_type=\"widget\" data-e-type=\"widget\" data-widget_type=\"image-box.default\">\n\t\t\t\t<div class=\"elementor-widget-container\">\n\t\t\t\t\t<div class=\"elementor-image-box-wrapper\"><figure class=\"elementor-image-box-img\"><a href=\"\/?page_id=1449\" tabindex=\"-1\"><img fetchpriority=\"high\" decoding=\"async\" width=\"320\" height=\"320\" src=\"https:\/\/bringportugal.com\/wp-content\/uploads\/2024\/03\/95-950601_car-logo-design-png-wwwpixsharkcom-images-galleries-auckland.png.jpeg\" class=\"attachment-full size-full wp-image-1428\" alt=\"\" srcset=\"https:\/\/bringportugal.com\/wp-content\/uploads\/2024\/03\/95-950601_car-logo-design-png-wwwpixsharkcom-images-galleries-auckland.png.jpeg 320w, https:\/\/bringportugal.com\/wp-content\/uploads\/2024\/03\/95-950601_car-logo-design-png-wwwpixsharkcom-images-galleries-auckland.png-300x300.jpeg 300w, https:\/\/bringportugal.com\/wp-content\/uploads\/2024\/03\/95-950601_car-logo-design-png-wwwpixsharkcom-images-galleries-auckland.png-100x100.jpeg 100w, https:\/\/bringportugal.com\/wp-content\/uploads\/2024\/03\/95-950601_car-logo-design-png-wwwpixsharkcom-images-galleries-auckland.png-150x150.jpeg 150w\" sizes=\"(max-width: 320px) 100vw, 320px\" \/><\/a><\/figure><div class=\"elementor-image-box-content\"><h3 class=\"elementor-image-box-title\"><a href=\"\/?page_id=1449\">Aluguer de viaturas<\/a><\/h3><p class=\"elementor-image-box-description\">Dispomos das mais variadas viaturas para o seu neg\u00f3cio.<\/p><\/div><\/div>\t\t\t\t<\/div>\n\t\t\t\t<\/div>\n\t\t\t\t\t<\/div>\n\t\t<\/div>\n\t\t\t\t<div class=\"elementor-column elementor-col-50 elementor-inner-column elementor-element elementor-element-5fa8b24f\" data-id=\"5fa8b24f\" data-element_type=\"column\" data-e-type=\"column\" data-settings=\"{&quot;background_background&quot;:&quot;classic&quot;}\">\n\t\t\t<div class=\"elementor-widget-wrap elementor-element-populated\">\n\t\t\t\t\t\t<div class=\"elementor-element elementor-element-6c467758 elementor-position-top elementor-widget elementor-widget-image-box\" data-id=\"6c467758\" data-element_type=\"widget\" data-e-type=\"widget\" data-widget_type=\"image-box.default\">\n\t\t\t\t<div class=\"elementor-widget-container\">\n\t\t\t\t\t<div class=\"elementor-image-box-wrapper\"><figure class=\"elementor-image-box-img\"><a href=\"\/?page_id=1464\" tabindex=\"-1\"><img decoding=\"async\" width=\"476\" height=\"505\" src=\"https:\/\/bringportugal.com\/wp-content\/uploads\/2024\/03\/Event-PNG-High-Quality-Image.png\" class=\"attachment-full size-full wp-image-1429\" alt=\"\" srcset=\"https:\/\/bringportugal.com\/wp-content\/uploads\/2024\/03\/Event-PNG-High-Quality-Image.png 476w, https:\/\/bringportugal.com\/wp-content\/uploads\/2024\/03\/Event-PNG-High-Quality-Image-283x300.png 283w\" sizes=\"(max-width: 476px) 100vw, 476px\" \/><\/a><\/figure><div class=\"elementor-image-box-content\"><h3 class=\"elementor-image-box-title\"><a href=\"\/?page_id=1464\">MICE &amp; INCOMING<\/a><\/h3><p class=\"elementor-image-box-description\">Organizamos os seus eventos corporativos.<\/p><\/div><\/div>\t\t\t\t<\/div>\n\t\t\t\t<\/div>\n\t\t\t\t\t<\/div>\n\t\t<\/div>\n\t\t\t\t\t<\/div>\n\t\t<\/section>\n\t\t\t\t\t<\/div>\n\t\t<\/div>\n\t\t\t\t\t<\/div>\n\t\t<\/section>\n\t\t\t\t<section class=\"elementor-section elementor-top-section elementor-element elementor-element-7d7f2ef8 elementor-section-boxed elementor-section-height-default elementor-section-height-default\" data-id=\"7d7f2ef8\" data-element_type=\"section\" data-e-type=\"section\" id=\"site_library\" data-settings=\"{&quot;background_background&quot;:&quot;classic&quot;}\">\n\t\t\t\t\t\t<div class=\"elementor-container elementor-column-gap-default\">\n\t\t\t\t\t<div class=\"elementor-column elementor-col-100 elementor-top-column elementor-element elementor-element-5a923103\" data-id=\"5a923103\" data-element_type=\"column\" data-e-type=\"column\">\n\t\t\t<div class=\"elementor-widget-wrap elementor-element-populated\">\n\t\t\t\t\t\t<div class=\"elementor-element elementor-element-791c8ea9 elementor-widget elementor-widget-heading\" data-id=\"791c8ea9\" data-element_type=\"widget\" data-e-type=\"widget\" data-widget_type=\"heading.default\">\n\t\t\t\t<div class=\"elementor-widget-container\">\n\t\t\t\t\t<div class=\"elementor-heading-title elementor-size-default\">Contacte-nos<\/div>\t\t\t\t<\/div>\n\t\t\t\t<\/div>\n\t\t\t\t<div class=\"elementor-element elementor-element-61a7788d elementor-widget elementor-widget-heading\" data-id=\"61a7788d\" data-element_type=\"widget\" data-e-type=\"widget\" data-widget_type=\"heading.default\">\n\t\t\t\t<div class=\"elementor-widget-container\">\n\t\t\t\t\t<h2 class=\"elementor-heading-title elementor-size-default\">Solu\u00e7\u00f5es personalizadas para o seu neg\u00f3cio\u200b<\/h2>\t\t\t\t<\/div>\n\t\t\t\t<\/div>\n\t\t\t\t<div class=\"elementor-element elementor-element-55c3602 elementor-align-center elementor-widget elementor-widget-button\" data-id=\"55c3602\" data-element_type=\"widget\" data-e-type=\"widget\" data-widget_type=\"button.default\">\n\t\t\t\t<div class=\"elementor-widget-container\">\n\t\t\t\t\t\t\t\t\t<div class=\"elementor-button-wrapper\">\n\t\t\t\t\t<a class=\"elementor-button elementor-button-link elementor-size-sm\" href=\"\/?page_id=1478\">\n\t\t\t\t\t\t<span class=\"elementor-button-content-wrapper\">\n\t\t\t\t\t\t\t\t\t<span class=\"elementor-button-text\">Pe\u00e7a or\u00e7amento<\/span>\n\t\t\t\t\t<\/span>\n\t\t\t\t\t<\/a>\n\t\t\t\t<\/div>\n\t\t\t\t\t\t\t\t<\/div>\n\t\t\t\t<\/div>\n\t\t\t\t\t<\/div>\n\t\t<\/div>\n\t\t\t\t\t<\/div>\n\t\t<\/section>\n\t\t\t\t<\/div>\n\t\t","protected":false},"excerpt":{"rendered":"<p>A Bring \u00e9 diferente. E orgulhosamente melhor! Quem Somos? A Bring \u00e9 diferente. E orgulhosamente melhor.Contamos com uma equipa com vasta experi\u00eancia em sectores como&hellip;<\/p>\n","protected":false},"author":2,"featured_media":0,"parent":0,"menu_order":0,"comment_status":"closed","ping_status":"closed","template":"","meta":{"_monsterinsights_skip_tracking":false,"_monsterinsights_sitenote_active":false,"_monsterinsights_sitenote_note":"","_monsterinsights_sitenote_category":0,"footnotes":""},"class_list":["post-1394","page","type-page","status-publish","hentry"],"jetpack_sharing_enabled":true,"_links":{"self":[{"href":"https:\/\/bringportugal.com\/index.php?rest_route=\/wp\/v2\/pages\/1394","targetHints":{"allow":["GET"]}}],"collection":[{"href":"https:\/\/bringportugal.com\/index.php?rest_route=\/wp\/v2\/pages"}],"about":[{"href":"https:\/\/bringportugal.com\/index.php?rest_route=\/wp\/v2\/types\/page"}],"author":[{"embeddable":true,"href":"https:\/\/bringportugal.com\/index.php?rest_route=\/wp\/v2\/users\/2"}],"replies":[{"embeddable":true,"href":"https:\/\/bringportugal.com\/index.php?rest_route=%2Fwp%2Fv2%2Fcomments&post=1394"}],"version-history":[{"count":18,"href":"https:\/\/bringportugal.com\/index.php?rest_route=\/wp\/v2\/pages\/1394\/revisions"}],"predecessor-version":[{"id":1486,"href":"https:\/\/bringportugal.com\/index.php?rest_route=\/wp\/v2\/pages\/1394\/revisions\/1486"}],"wp:attachment":[{"href":"https:\/\/bringportugal.com\/index.php?rest_route=%2Fwp%2Fv2%2Fmedia&parent=1394"}],"curies":[{"name":"wp","href":"https:\/\/api.w.org\/{rel}","templated":true}]}}